{"id":112,"date":"2023-10-16T19:27:21","date_gmt":"2023-10-16T19:27:21","guid":{"rendered":"http:\/\/kujawskiewagi.pl\/?page_id=112"},"modified":"2023-11-30T12:32:11","modified_gmt":"2023-11-30T12:32:11","slug":"kontakt","status":"publish","type":"page","link":"https:\/\/kujawskiewagi.pl\/index.php\/kontakt\/","title":{"rendered":"Kontakt"},"content":{"rendered":"<p>[et_pb_section fb_built=&#8221;1&#8243; disabled_on=&#8221;on|off|off&#8221; admin_label=&#8221;Hero Section&#8221; _builder_version=&#8221;4.23&#8243; background_color=&#8221;rgba(0,0,0,0.19)&#8221; use_background_color_gradient=&#8221;on&#8221; background_color_gradient_stops=&#8221;rgba(0,0,0,0.5) 0%|rgba(0,0,0,0) 100%&#8221; background_color_gradient_start=&#8221;rgba(0,0,0,0.5)&#8221; background_color_gradient_end=&#8221;rgba(0,0,0,0)&#8221; background_image=&#8221;http:\/\/kujawskiewagi.pl\/wp-content\/uploads\/2023\/10\/james-baltz-yihX4Rq-JsI-unsplash-scaled.jpg&#8221; background_blend=&#8221;color&#8221; custom_margin=&#8221;|||&#8221; custom_padding=&#8221;8%||8%|&#8221; global_colors_info=&#8221;{}&#8221;][et_pb_row _builder_version=&#8221;4.16&#8243; background_size=&#8221;initial&#8221; background_position=&#8221;top_left&#8221; background_repeat=&#8221;repeat&#8221; global_colors_info=&#8221;{}&#8221;][et_pb_column type=&#8221;4_4&#8243; _builder_version=&#8221;4.16&#8243; custom_padding=&#8221;|||&#8221; global_colors_info=&#8221;{}&#8221; custom_padding__hover=&#8221;|||&#8221;][et_pb_text admin_label=&#8221;Title&#8221; _builder_version=&#8221;4.23&#8243; text_font=&#8221;Quattrocento||||||||&#8221; text_font_size=&#8221;22px&#8221; text_line_height=&#8221;2em&#8221; header_font=&#8221;|||on|||||&#8221; header_text_align=&#8221;center&#8221; header_font_size=&#8221;60px&#8221; header_letter_spacing=&#8221;6px&#8221; header_line_height=&#8221;1.4em&#8221; text_orientation=&#8221;center&#8221; background_layout=&#8221;dark&#8221; max_width=&#8221;800px&#8221; module_alignment=&#8221;center&#8221; animation_style=&#8221;slide&#8221; animation_direction=&#8221;top&#8221; animation_intensity_slide=&#8221;3%&#8221; animation_starting_opacity=&#8221;100%&#8221; header_font_size_tablet=&#8221;40px&#8221; header_font_size_phone=&#8221;&#8221; header_font_size_last_edited=&#8221;on|tablet&#8221; global_colors_info=&#8221;{}&#8221;]<\/p>\n<h1>Kontakt<\/h1>\n<p>[\/et_pb_text][\/et_pb_column][\/et_pb_row][\/et_pb_section][et_pb_section fb_built=&#8221;1&#8243; admin_label=&#8221;Contact Section&#8221; _builder_version=&#8221;4.23&#8243; background_color=&#8221;#231f20&#8243; custom_margin=&#8221;0px||0px||true|false&#8221; custom_padding=&#8221;0px||0px||true|false&#8221; global_colors_info=&#8221;{}&#8221;][et_pb_row column_structure=&#8221;1_2,1_2&#8243; _builder_version=&#8221;4.23&#8243; width_tablet=&#8221;&#8221; width_phone=&#8221;85%&#8221; width_last_edited=&#8221;on|phone&#8221; max_width=&#8221;80%&#8221; max_width_tablet=&#8221;80%&#8221; max_width_phone=&#8221;159%&#8221; max_width_last_edited=&#8221;on|phone&#8221; custom_margin=&#8221;0px||||false|false&#8221; custom_padding=&#8221;4%||4%||true|false&#8221; global_colors_info=&#8221;{}&#8221;][et_pb_column type=&#8221;1_2&#8243; _builder_version=&#8221;4.16&#8243; custom_padding=&#8221;|||&#8221; global_colors_info=&#8221;{}&#8221; custom_padding__hover=&#8221;|||&#8221;][et_pb_image src=&#8221;http:\/\/kujawskiewagi.pl\/wp-content\/uploads\/2023\/10\/KUJAWSKIE-WAGI-1.png&#8221; title_text=&#8221;KUJAWSKIE WAGI (1)&#8221; _builder_version=&#8221;4.23&#8243; _module_preset=&#8221;default&#8221; width=&#8221;60%&#8221; width_tablet=&#8221;60%&#8221; width_phone=&#8221;60%&#8221; width_last_edited=&#8221;on|phone&#8221; module_alignment_tablet=&#8221;&#8221; module_alignment_phone=&#8221;center&#8221; module_alignment_last_edited=&#8221;on|phone&#8221; global_colors_info=&#8221;{}&#8221;][\/et_pb_image][\/et_pb_column][et_pb_column type=&#8221;1_2&#8243; _builder_version=&#8221;4.16&#8243; custom_padding=&#8221;|||&#8221; global_colors_info=&#8221;{}&#8221; custom_padding__hover=&#8221;|||&#8221;][et_pb_blurb title=&#8221;Adres&#8221; use_icon=&#8221;on&#8221; font_icon=&#8221;&#xe081;||divi||400&#8243; icon_color=&#8221;gcid-da41a0cb-1f97-430f-aab5-a81134931ca5&#8243; icon_placement=&#8221;left&#8221; image_icon_width=&#8221;32px&#8221; admin_label=&#8221;Address&#8221; _builder_version=&#8221;4.23.1&#8243; header_font=&#8221;||||||||&#8221; header_text_color=&#8221;#FFFFFF&#8221; header_font_size=&#8221;24px&#8221; header_line_height=&#8221;1.3em&#8221; body_font=&#8221;||||||||&#8221; body_text_color=&#8221;#FFFFFF&#8221; body_font_size=&#8221;16px&#8221; body_line_height=&#8221;1.8em&#8221; hover_enabled=&#8221;0&#8243; icon_font_size=&#8221;32px&#8221; global_colors_info=&#8221;{%22gcid-da41a0cb-1f97-430f-aab5-a81134931ca5%22:%91%22icon_color%22%93}&#8221; sticky_enabled=&#8221;0&#8243;]<\/p>\n<p>K. I. Ga\u0142czy\u0144skiego 26,<br \/>86-100 \u015awiecie<\/p>\n<p>[\/et_pb_blurb][et_pb_blurb title=&#8221;Zadzwo\u0144&#8221; use_icon=&#8221;on&#8221; font_icon=&#8221;&#xe090;||divi||400&#8243; icon_color=&#8221;gcid-da41a0cb-1f97-430f-aab5-a81134931ca5&#8243; icon_placement=&#8221;left&#8221; image_icon_width=&#8221;32px&#8221; admin_label=&#8221;Phone&#8221; _builder_version=&#8221;4.23&#8243; header_font=&#8221;||||||||&#8221; header_text_color=&#8221;#FFFFFF&#8221; header_font_size=&#8221;24px&#8221; header_line_height=&#8221;1.3em&#8221; body_font=&#8221;||||||||&#8221; body_text_color=&#8221;#FFFFFF&#8221; body_font_size=&#8221;16px&#8221; body_line_height=&#8221;1.8em&#8221; icon_font_size=&#8221;32px&#8221; global_colors_info=&#8221;{%22gcid-da41a0cb-1f97-430f-aab5-a81134931ca5%22:%91%22icon_color%22%93}&#8221;]<\/p>\n<p><span style=\"color: #ffffff;\"><a href=\"callto:+48%20506 007 870\" style=\"color: #ffffff;\">+48 506 007 870<\/a><\/span><\/p>\n<p>[\/et_pb_blurb][et_pb_blurb title=&#8221;Napisz do nas&#8221; use_icon=&#8221;on&#8221; font_icon=&#8221;&#xe076;||divi||400&#8243; icon_color=&#8221;gcid-da41a0cb-1f97-430f-aab5-a81134931ca5&#8243; icon_placement=&#8221;left&#8221; image_icon_width=&#8221;32px&#8221; admin_label=&#8221;Email&#8221; _builder_version=&#8221;4.23&#8243; header_font=&#8221;||||||||&#8221; header_text_color=&#8221;#FFFFFF&#8221; header_font_size=&#8221;24px&#8221; header_line_height=&#8221;1.3em&#8221; body_font=&#8221;||||||||&#8221; body_text_color=&#8221;#FFFFFF&#8221; body_font_size=&#8221;16px&#8221; body_line_height=&#8221;1.8em&#8221; icon_font_size=&#8221;32px&#8221; global_colors_info=&#8221;{%22gcid-da41a0cb-1f97-430f-aab5-a81134931ca5%22:%91%22icon_color%22%93}&#8221;]<\/p>\n<p>kontakt@kujawskiewagi.pl<\/p>\n<p>[\/et_pb_blurb][\/et_pb_column][\/et_pb_row][\/et_pb_section]<\/p>\n","protected":false},"excerpt":{"rendered":"<p>KontaktK. I. Ga\u0142czy\u0144skiego 26,86-100 \u015awiecie+48 506 007 870kontakt@kujawskiewagi.pl<\/p>\n","protected":false},"author":1,"featured_media":0,"parent":0,"menu_order":0,"comment_status":"closed","ping_status":"closed","template":"","meta":{"_et_pb_use_builder":"on","_et_pb_old_content":"<!-- wp:divi\/placeholder \/-->","_et_gb_content_width":"","footnotes":""},"_links":{"self":[{"href":"https:\/\/kujawskiewagi.pl\/index.php\/wp-json\/wp\/v2\/pages\/112"}],"collection":[{"href":"https:\/\/kujawskiewagi.pl\/index.php\/wp-json\/wp\/v2\/pages"}],"about":[{"href":"https:\/\/kujawskiewagi.pl\/index.php\/wp-json\/wp\/v2\/types\/page"}],"author":[{"embeddable":true,"href":"https:\/\/kujawskiewagi.pl\/index.php\/wp-json\/wp\/v2\/users\/1"}],"replies":[{"embeddable":true,"href":"https:\/\/kujawskiewagi.pl\/index.php\/wp-json\/wp\/v2\/comments?post=112"}],"version-history":[{"count":32,"href":"https:\/\/kujawskiewagi.pl\/index.php\/wp-json\/wp\/v2\/pages\/112\/revisions"}],"predecessor-version":[{"id":641,"href":"https:\/\/kujawskiewagi.pl\/index.php\/wp-json\/wp\/v2\/pages\/112\/revisions\/641"}],"wp:attachment":[{"href":"https:\/\/kujawskiewagi.pl\/index.php\/wp-json\/wp\/v2\/media?parent=112"}],"curies":[{"name":"wp","href":"https:\/\/api.w.org\/{rel}","templated":true}]}}