{"id":247,"date":"2023-10-26T20:19:14","date_gmt":"2023-10-26T20:19:14","guid":{"rendered":"http:\/\/kujawskiewagi.pl\/?page_id=247"},"modified":"2023-10-31T10:22:50","modified_gmt":"2023-10-31T10:22:50","slug":"separator","status":"publish","type":"page","link":"https:\/\/kujawskiewagi.pl\/index.php\/separator\/","title":{"rendered":"Separator"},"content":{"rendered":"<p>[et_pb_section fb_built=&#8221;1&#8243; _builder_version=&#8221;4.23&#8243; _module_preset=&#8221;default&#8221; background_image=&#8221;http:\/\/kujawskiewagi.pl\/wp-content\/uploads\/2023\/10\/shalitha-dissanayaka-wqb_dTZCNys-unsplash-1-scaled.jpg&#8221; hover_enabled=&#8221;0&#8243; global_colors_info=&#8221;{}&#8221; theme_builder_area=&#8221;post_content&#8221; title_text=&#8221;shalitha-dissanayaka-wqb_dTZCNys-unsplash&#8221; sticky_enabled=&#8221;0&#8243;][et_pb_row _builder_version=&#8221;4.22.1&#8243; _module_preset=&#8221;default&#8221; custom_padding=&#8221;15%||15%||true|false&#8221; global_colors_info=&#8221;{}&#8221; theme_builder_area=&#8221;post_content&#8221;][et_pb_column type=&#8221;4_4&#8243; _builder_version=&#8221;4.22.1&#8243; _module_preset=&#8221;default&#8221; global_colors_info=&#8221;{}&#8221; theme_builder_area=&#8221;post_content&#8221;][et_pb_text _builder_version=&#8221;4.23&#8243; _module_preset=&#8221;default&#8221; header_font=&#8221;|700||on|||||&#8221; header_font_size=&#8221;45px&#8221; header_font_size_tablet=&#8221;45px&#8221; header_font_size_phone=&#8221;30px&#8221; header_font_size_last_edited=&#8221;on|phone&#8221; border_color_left=&#8221;#FFFFFF&#8221; global_colors_info=&#8221;{}&#8221; theme_builder_area=&#8221;post_content&#8221;]<\/p>\n<h1 style=\"text-align: center;\"><span style=\"color: #ffffff;\"><span style=\"font-weight: 400;\">separator zanieczyszcze\u0144<\/span><\/span><\/h1>\n<p>[\/et_pb_text][\/et_pb_column][\/et_pb_row][\/et_pb_section][et_pb_section fb_built=&#8221;1&#8243; admin_label=&#8221;Workshops and Events Section&#8221; _builder_version=&#8221;4.16&#8243; _module_preset=&#8221;default&#8221; custom_padding=&#8221;0px||0px|&#8221; global_colors_info=&#8221;{}&#8221; theme_builder_area=&#8221;post_content&#8221;][et_pb_row column_structure=&#8221;1_2,1_2&#8243; use_custom_gutter=&#8221;on&#8221; gutter_width=&#8221;0&#8243; make_equal=&#8221;on&#8221; disabled_on=&#8221;on|off|off&#8221; admin_label=&#8221;Workshops and Events Area&#8221; module_class=&#8221; et_pb_row_fullwidth&#8221; _builder_version=&#8221;4.23&#8243; _module_preset=&#8221;default&#8221; width=&#8221;100%&#8221; width_tablet=&#8221;100%&#8221; width_phone=&#8221;&#8221; width_last_edited=&#8221;on|desktop&#8221; max_width=&#8221;100%&#8221; max_width_tablet=&#8221;100%&#8221; max_width_phone=&#8221;&#8221; max_width_last_edited=&#8221;on|desktop&#8221; custom_margin=&#8221;|||&#8221; custom_padding=&#8221;0px||0px|||&#8221; hover_enabled=&#8221;0&#8243; make_fullwidth=&#8221;on&#8221; global_colors_info=&#8221;{}&#8221; theme_builder_area=&#8221;post_content&#8221; sticky_enabled=&#8221;0&#8243;][et_pb_column type=&#8221;1_2&#8243; _builder_version=&#8221;4.23&#8243; _module_preset=&#8221;default&#8221; background_color=&#8221;gcid-611c6ae4-2525-4e51-90a7-940978834942&#8243; custom_padding=&#8221;10%|5%|10%|5%&#8221; global_colors_info=&#8221;{%22gcid-611c6ae4-2525-4e51-90a7-940978834942%22:%91%22background_color%22%93}&#8221; custom_padding__hover=&#8221;|||&#8221; theme_builder_area=&#8221;post_content&#8221;][et_pb_text _builder_version=&#8221;4.23&#8243; _module_preset=&#8221;default&#8221; text_font=&#8221;||||||||&#8221; text_text_color=&#8221;#000000&#8243; text_font_size=&#8221;30px&#8221; text_line_height=&#8221;1.8em&#8221; header_2_font=&#8221;|||on|||||&#8221; header_2_text_color=&#8221;#FFFFFF&#8221; header_2_line_height=&#8221;1.2em&#8221; custom_margin=&#8221;-90px||||false|false&#8221; custom_margin_tablet=&#8221;&#8221; custom_margin_phone=&#8221;-19px||||false|false&#8221; custom_margin_last_edited=&#8221;on|desktop&#8221; animation_style=&#8221;zoom&#8221; animation_direction=&#8221;left&#8221; animation_starting_opacity=&#8221;100%&#8221; hover_enabled=&#8221;0&#8243; text_font_size_tablet=&#8221;&#8221; text_font_size_phone=&#8221;25px&#8221; text_font_size_last_edited=&#8221;on|phone&#8221; global_colors_info=&#8221;{}&#8221; theme_builder_area=&#8221;post_content&#8221; sticky_enabled=&#8221;0&#8243;]<\/p>\n<h2><span style=\"font-weight: 400;\">opis<\/span><\/h2>\n<p>[\/et_pb_text][et_pb_divider color=&#8221;#FFFFFF&#8221; divider_position=&#8221;center&#8221; divider_weight=&#8221;3px&#8221; _builder_version=&#8221;4.22.1&#8243; _module_preset=&#8221;default&#8221; max_width=&#8221;50px&#8221; module_alignment=&#8221;left&#8221; animation_style=&#8221;slide&#8221; animation_direction=&#8221;top&#8221; animation_intensity_slide=&#8221;10%&#8221; animation_starting_opacity=&#8221;100%&#8221; locked=&#8221;off&#8221; global_colors_info=&#8221;{}&#8221; theme_builder_area=&#8221;post_content&#8221;][\/et_pb_divider][et_pb_text _builder_version=&#8221;4.22.2&#8243; _module_preset=&#8221;default&#8221; text_font=&#8221;||||||||&#8221; text_text_color=&#8221;#FFFFFF&#8221; animation_style=&#8221;slide&#8221; global_colors_info=&#8221;{}&#8221; theme_builder_area=&#8221;post_content&#8221;]<\/p>\n<p>Ocena jako\u015bci ziarna to podstawa przy finalizowaniu transakcji mi\u0119dzy gospodarstwem rolnym a nabywc\u0105. Rolnicy najcz\u0119\u015bciej dokonuj\u0105 jego ka\u017cdorazowej kontroli, aby zweryfikowa\u0107 mi\u0119dzy innymi sk\u0142ad, w tym zawarto\u015b\u0107 procentow\u0105 poszczeg\u00f3lnych sk\u0142adnik\u00f3w, takich jak gluten czy bia\u0142ko. Sprawdzaj\u0105 r\u00f3wnie\u017c poziom wilgotno\u015bci, liczb\u0119 opadania oraz inne parametry \u2013 do ka\u017cdej z tych czynno\u015bci przypisane jest inne urz\u0105dzenie, kt\u00f3re umo\u017cliwia precyzyjn\u0105 specyfikacj\u0119 ziaren czy nasion. Innym przyk\u0142adem cz\u0119sto mierzonego parametru jest poziom szkodliwych substancji w zbo\u017cu. On r\u00f3wnie\u017c w istotnym stopniu determinuje jako\u015b\u0107 produktu. Mo\u017cna dokona\u0107 jego pomiaru z wykorzystaniem separatora zanieczyszcze\u0144 w ziarnach.<\/p>\n<p>Prezentowany separator pozwala bada\u0107 nie tylko ziarna zb\u00f3\u017c, ale te\u017c ro\u015bliny str\u0105czkowe i oleiste. W przypadku ka\u017cdej z nich, zanieczyszczenie sk\u0142adu mo\u017ce by\u0107 powodem istotnego obni\u017cenia jako\u015bci zbo\u017ca. Nie zawsze uniemo\u017cliwia jego spo\u017cycie, jednak mo\u017ce przyczyni\u0107 si\u0119 do znacznego pogorszenia cech organoleptycznych i warto\u015bci technologicznej. Uprawa zb\u00f3\u017c, kukurydzy czy ro\u015blin motylkowych nierozerwalnie wi\u0105\u017ce si\u0119 z ryzykiem ska\u017cenia niezdrowymi \u015brodkami. Ich \u017ar\u00f3d\u0142em mo\u017ce by\u0107 szeroko rozumiany przemys\u0142, ale i naturalne pochodzenie. Za zanieczyszczenie uznaje si\u0119 nie tylko niepo\u017c\u0105dane substancje chemiczne, ale r\u00f3wnie\u017c na przyk\u0142ad sporysz i inne grzyby czy paso\u017cyty.<\/p>\n<p>[\/et_pb_text][\/et_pb_column][et_pb_column type=&#8221;1_2&#8243; disabled_on=&#8221;on|off|off&#8221; _builder_version=&#8221;4.23&#8243; _module_preset=&#8221;default&#8221; background_image=&#8221;http:\/\/kujawskiewagi.pl\/wp-content\/uploads\/2023\/10\/s5.png&#8221; background_repeat=&#8221;repeat&#8221; custom_padding=&#8221;|||&#8221; hover_enabled=&#8221;0&#8243; global_colors_info=&#8221;{}&#8221; custom_padding__hover=&#8221;|||&#8221; theme_builder_area=&#8221;post_content&#8221; title_text=&#8221;s5&#8243; sticky_enabled=&#8221;0&#8243;][et_pb_divider show_divider=&#8221;off&#8221; _builder_version=&#8221;4.16&#8243; _module_preset=&#8221;default&#8221; height=&#8221;400px&#8221; locked=&#8221;off&#8221; global_colors_info=&#8221;{}&#8221; theme_builder_area=&#8221;post_content&#8221;][\/et_pb_divider][\/et_pb_column][\/et_pb_row][et_pb_row column_structure=&#8221;1_2,1_2&#8243; use_custom_gutter=&#8221;on&#8221; gutter_width=&#8221;0&#8243; make_equal=&#8221;on&#8221; disabled_on=&#8221;off|on|on&#8221; admin_label=&#8221;Workshops and Events Area&#8221; module_class=&#8221; et_pb_row_fullwidth&#8221; _builder_version=&#8221;4.23&#8243; _module_preset=&#8221;default&#8221; width=&#8221;100%&#8221; width_tablet=&#8221;100%&#8221; width_phone=&#8221;&#8221; width_last_edited=&#8221;on|desktop&#8221; max_width=&#8221;100%&#8221; max_width_tablet=&#8221;100%&#8221; max_width_phone=&#8221;&#8221; max_width_last_edited=&#8221;on|desktop&#8221; custom_margin=&#8221;|||&#8221; custom_padding=&#8221;0px||0px|||&#8221; hover_enabled=&#8221;0&#8243; make_fullwidth=&#8221;on&#8221; global_colors_info=&#8221;{}&#8221; theme_builder_area=&#8221;post_content&#8221; sticky_enabled=&#8221;0&#8243;][et_pb_column type=&#8221;1_2&#8243; disabled_on=&#8221;off|off|off&#8221; _builder_version=&#8221;4.23&#8243; _module_preset=&#8221;default&#8221; background_image=&#8221;http:\/\/kujawskiewagi.pl\/wp-content\/uploads\/2023\/10\/s5.png&#8221; background_repeat=&#8221;repeat&#8221; custom_padding=&#8221;|||&#8221; hover_enabled=&#8221;0&#8243; global_colors_info=&#8221;{}&#8221; custom_padding__hover=&#8221;|||&#8221; theme_builder_area=&#8221;post_content&#8221; title_text=&#8221;s5&#8243; sticky_enabled=&#8221;0&#8243;][et_pb_divider show_divider=&#8221;off&#8221; _builder_version=&#8221;4.16&#8243; _module_preset=&#8221;default&#8221; height=&#8221;400px&#8221; locked=&#8221;off&#8221; global_colors_info=&#8221;{}&#8221; theme_builder_area=&#8221;post_content&#8221;][\/et_pb_divider][\/et_pb_column][et_pb_column type=&#8221;1_2&#8243; _builder_version=&#8221;4.23&#8243; _module_preset=&#8221;default&#8221; background_color=&#8221;gcid-611c6ae4-2525-4e51-90a7-940978834942&#8243; custom_padding=&#8221;10%|5%|10%|5%&#8221; global_colors_info=&#8221;{%22gcid-611c6ae4-2525-4e51-90a7-940978834942%22:%91%22background_color%22%93}&#8221; custom_padding__hover=&#8221;|||&#8221; theme_builder_area=&#8221;post_content&#8221;][et_pb_text _builder_version=&#8221;4.23&#8243; _module_preset=&#8221;default&#8221; text_font=&#8221;||||||||&#8221; text_text_color=&#8221;#000000&#8243; text_font_size=&#8221;30px&#8221; text_line_height=&#8221;1.8em&#8221; header_2_font=&#8221;|||on|||||&#8221; header_2_text_color=&#8221;#FFFFFF&#8221; header_2_line_height=&#8221;1.2em&#8221; custom_margin=&#8221;-90px||||false|false&#8221; custom_margin_tablet=&#8221;&#8221; custom_margin_phone=&#8221;-19px||||false|false&#8221; custom_margin_last_edited=&#8221;on|desktop&#8221; animation_style=&#8221;zoom&#8221; animation_direction=&#8221;left&#8221; animation_starting_opacity=&#8221;100%&#8221; hover_enabled=&#8221;0&#8243; text_font_size_tablet=&#8221;&#8221; text_font_size_phone=&#8221;25px&#8221; text_font_size_last_edited=&#8221;on|phone&#8221; global_colors_info=&#8221;{}&#8221; theme_builder_area=&#8221;post_content&#8221; sticky_enabled=&#8221;0&#8243;]<\/p>\n<h2><span style=\"font-weight: 400;\">opis<\/span><\/h2>\n<p>[\/et_pb_text][et_pb_divider color=&#8221;#FFFFFF&#8221; divider_position=&#8221;center&#8221; divider_weight=&#8221;3px&#8221; _builder_version=&#8221;4.22.1&#8243; _module_preset=&#8221;default&#8221; max_width=&#8221;50px&#8221; module_alignment=&#8221;left&#8221; animation_style=&#8221;slide&#8221; animation_direction=&#8221;top&#8221; animation_intensity_slide=&#8221;10%&#8221; animation_starting_opacity=&#8221;100%&#8221; locked=&#8221;off&#8221; global_colors_info=&#8221;{}&#8221; theme_builder_area=&#8221;post_content&#8221;][\/et_pb_divider][et_pb_text _builder_version=&#8221;4.22.2&#8243; _module_preset=&#8221;default&#8221; text_font=&#8221;||||||||&#8221; text_text_color=&#8221;#FFFFFF&#8221; animation_style=&#8221;slide&#8221; global_colors_info=&#8221;{}&#8221; theme_builder_area=&#8221;post_content&#8221;]<\/p>\n<p>Ocena jako\u015bci ziarna to podstawa przy finalizowaniu transakcji mi\u0119dzy gospodarstwem rolnym a nabywc\u0105. Rolnicy najcz\u0119\u015bciej dokonuj\u0105 jego ka\u017cdorazowej kontroli, aby zweryfikowa\u0107 mi\u0119dzy innymi sk\u0142ad, w tym zawarto\u015b\u0107 procentow\u0105 poszczeg\u00f3lnych sk\u0142adnik\u00f3w, takich jak gluten czy bia\u0142ko. Sprawdzaj\u0105 r\u00f3wnie\u017c poziom wilgotno\u015bci, liczb\u0119 opadania oraz inne parametry \u2013 do ka\u017cdej z tych czynno\u015bci przypisane jest inne urz\u0105dzenie, kt\u00f3re umo\u017cliwia precyzyjn\u0105 specyfikacj\u0119 ziaren czy nasion. Innym przyk\u0142adem cz\u0119sto mierzonego parametru jest poziom szkodliwych substancji w zbo\u017cu. On r\u00f3wnie\u017c w istotnym stopniu determinuje jako\u015b\u0107 produktu. Mo\u017cna dokona\u0107 jego pomiaru z wykorzystaniem separatora zanieczyszcze\u0144 w ziarnach.<\/p>\n<p>Prezentowany separator pozwala bada\u0107 nie tylko ziarna zb\u00f3\u017c, ale te\u017c ro\u015bliny str\u0105czkowe i oleiste. W przypadku ka\u017cdej z nich, zanieczyszczenie sk\u0142adu mo\u017ce by\u0107 powodem istotnego obni\u017cenia jako\u015bci zbo\u017ca. Nie zawsze uniemo\u017cliwia jego spo\u017cycie, jednak mo\u017ce przyczyni\u0107 si\u0119 do znacznego pogorszenia cech organoleptycznych i warto\u015bci technologicznej. Uprawa zb\u00f3\u017c, kukurydzy czy ro\u015blin motylkowych nierozerwalnie wi\u0105\u017ce si\u0119 z ryzykiem ska\u017cenia niezdrowymi \u015brodkami. Ich \u017ar\u00f3d\u0142em mo\u017ce by\u0107 szeroko rozumiany przemys\u0142, ale i naturalne pochodzenie. Za zanieczyszczenie uznaje si\u0119 nie tylko niepo\u017c\u0105dane substancje chemiczne, ale r\u00f3wnie\u017c na przyk\u0142ad sporysz i inne grzyby czy paso\u017cyty.<\/p>\n<p>[\/et_pb_text][\/et_pb_column][\/et_pb_row][\/et_pb_section][et_pb_section fb_built=&#8221;1&#8243; admin_label=&#8221;Workshops and Events Section&#8221; _builder_version=&#8221;4.22.1&#8243; _module_preset=&#8221;default&#8221; custom_padding=&#8221;0px||0px|&#8221; global_colors_info=&#8221;{}&#8221; theme_builder_area=&#8221;post_content&#8221;][et_pb_row column_structure=&#8221;1_2,1_2&#8243; use_custom_gutter=&#8221;on&#8221; gutter_width=&#8221;0&#8243; make_equal=&#8221;on&#8221; admin_label=&#8221;Workshops and Events Area&#8221; module_class=&#8221; et_pb_row_fullwidth&#8221; _builder_version=&#8221;4.23&#8243; _module_preset=&#8221;default&#8221; width=&#8221;100%&#8221; width_tablet=&#8221;100%&#8221; width_phone=&#8221;&#8221; width_last_edited=&#8221;on|desktop&#8221; max_width=&#8221;100%&#8221; max_width_tablet=&#8221;100%&#8221; max_width_phone=&#8221;&#8221; max_width_last_edited=&#8221;on|desktop&#8221; custom_margin=&#8221;|||&#8221; custom_padding=&#8221;0px||0px|||&#8221; hover_enabled=&#8221;0&#8243; make_fullwidth=&#8221;on&#8221; global_colors_info=&#8221;{}&#8221; theme_builder_area=&#8221;post_content&#8221; sticky_enabled=&#8221;0&#8243;][et_pb_column type=&#8221;1_2&#8243; disabled_on=&#8221;off|off|off&#8221; _builder_version=&#8221;4.23&#8243; _module_preset=&#8221;default&#8221; background_image=&#8221;http:\/\/kujawskiewagi.pl\/wp-content\/uploads\/2023\/10\/2a730b965606ef441dc0754edc28d85b.jpg&#8221; background_repeat=&#8221;repeat&#8221; custom_padding=&#8221;|||&#8221; hover_enabled=&#8221;0&#8243; global_colors_info=&#8221;{}&#8221; custom_padding__hover=&#8221;|||&#8221; theme_builder_area=&#8221;post_content&#8221; title_text=&#8221;2a730b965606ef441dc0754edc28d85b&#8221; sticky_enabled=&#8221;0&#8243;][et_pb_divider show_divider=&#8221;off&#8221; _builder_version=&#8221;4.16&#8243; _module_preset=&#8221;default&#8221; height=&#8221;400px&#8221; locked=&#8221;off&#8221; global_colors_info=&#8221;{}&#8221; theme_builder_area=&#8221;post_content&#8221;][\/et_pb_divider][\/et_pb_column][et_pb_column type=&#8221;1_2&#8243; _builder_version=&#8221;4.23&#8243; _module_preset=&#8221;default&#8221; background_color=&#8221;gcid-ee58c95e-e067-410e-a6c7-f139f1ae3990&#8243; custom_padding=&#8221;10%|5%|10%|5%&#8221; global_colors_info=&#8221;{%22gcid-ee58c95e-e067-410e-a6c7-f139f1ae3990%22:%91%22background_color%22%93}&#8221; custom_padding__hover=&#8221;|||&#8221; theme_builder_area=&#8221;post_content&#8221;][et_pb_text _builder_version=&#8221;4.23&#8243; _module_preset=&#8221;default&#8221; text_font=&#8221;Poppins||||||||&#8221; text_text_color=&#8221;#000000&#8243; text_font_size=&#8221;30px&#8221; text_line_height=&#8221;1.8em&#8221; header_2_font=&#8221;|||on|||||&#8221; header_2_text_color=&#8221;#FFFFFF&#8221; header_2_line_height=&#8221;1.2em&#8221; custom_margin=&#8221;-90px||||false|false&#8221; custom_margin_tablet=&#8221;&#8221; custom_margin_phone=&#8221;-19px||||false|false&#8221; custom_margin_last_edited=&#8221;on|desktop&#8221; animation_style=&#8221;zoom&#8221; animation_direction=&#8221;left&#8221; animation_starting_opacity=&#8221;100%&#8221; hover_enabled=&#8221;0&#8243; text_font_size_tablet=&#8221;&#8221; text_font_size_phone=&#8221;25px&#8221; text_font_size_last_edited=&#8221;on|phone&#8221; global_colors_info=&#8221;{}&#8221; theme_builder_area=&#8221;post_content&#8221; sticky_enabled=&#8221;0&#8243;]<\/p>\n<h2><span style=\"font-weight: 400;\">Jak dzia\u0142a i kto z niego korzysta?<\/span><\/h2>\n<p>[\/et_pb_text][et_pb_divider color=&#8221;#FFFFFF&#8221; divider_position=&#8221;center&#8221; divider_weight=&#8221;3px&#8221; _builder_version=&#8221;4.22.1&#8243; _module_preset=&#8221;default&#8221; max_width=&#8221;50px&#8221; module_alignment=&#8221;left&#8221; animation_style=&#8221;slide&#8221; animation_direction=&#8221;top&#8221; animation_intensity_slide=&#8221;10%&#8221; animation_starting_opacity=&#8221;100%&#8221; locked=&#8221;off&#8221; global_colors_info=&#8221;{}&#8221; theme_builder_area=&#8221;post_content&#8221;][\/et_pb_divider][et_pb_text _builder_version=&#8221;4.22.2&#8243; _module_preset=&#8221;default&#8221; text_font=&#8221;||||||||&#8221; text_text_color=&#8221;#FFFFFF&#8221; animation_style=&#8221;slide&#8221; global_colors_info=&#8221;{}&#8221; theme_builder_area=&#8221;post_content&#8221;]<\/p>\n<p>Zasada dzia\u0142ania separatora nie jest skomplikowana. Wprowadza si\u0119 do niego pr\u00f3bk\u0119 ziarna \u2013 najcz\u0119\u015bciej o pojemno\u015bci 1000 g. Jest ona mieszana i rozdzielana na frakcje w celu separacji metod\u0105 sitow\u0105. Czas potrzebny na przeprowadzenie ca\u0142ego procesu zale\u017cy od urz\u0105dzenia \u2013 zazwyczaj okre\u015bla si\u0119 go w specyfikacji separatora. Rozdzielenie na frakcje \u2013 ziarna, k\u0142os\u00f3w, s\u0142omy i innych element\u00f3w zbo\u017ca \u2013 daje mo\u017cliwo\u015b\u0107 pozyskania produktu doczyszczonego, pozbawionego zanieczyszcze\u0144 lotnych, sta\u0142ych i innych niepo\u017c\u0105danych element\u00f3w.<\/p>\n<p>Narz\u0119dzie dost\u0119pne w naszym sklepie zapewnia precyzyjn\u0105 ocen\u0119 jako\u015bci ziarna i jego oczyszczanie bez generowania niepotrzebnych strat. Separator zanieczyszcze\u0144 w ziarnach to integralny element punkt\u00f3w skupu, kt\u00f3ry pozwala na szybkie i skuteczne pozyskiwanie oczyszczonego towaru. Zapraszamy do zapoznania si\u0119 z pe\u0142n\u0105 ofert\u0105 przyrz\u0105d\u00f3w przeznaczonych przede wszystkim dla gospodarstw rolnych i producent\u00f3w \u017cywno\u015bci.<\/p>\n<p><span>Rozw\u00f3j niepo\u017c\u0105danych dodatk\u00f3w w zbo\u017cu mo\u017ce r\u00f3wnie\u017c przyczyni\u0107 si\u0119 do wzrostu poziomu aflatoksyn, kt\u00f3re co prawda nie wp\u0142ywaj\u0105 negatywnie na walory smakowe i jako\u015b\u0107 ziaren, ale mog\u0105 mie\u0107 negatywny wp\u0142yw na ludzkie zdrowie. Ze wzgl\u0119du na szeroki przekr\u00f3j mo\u017cliwych ska\u017ce\u0144, producenci \u017cywno\u015bci i dostawcy powszechnie stosuj\u0105 separator, kt\u00f3ry umo\u017cliwia oznaczenie masy doczyszczonego ziarna, a ponadto pozwala przygotowa\u0107 je do dalszych bada\u0144, poprzez odpowiednie pobieranie i oczyszczanie pr\u00f3bek. Najcz\u0119\u015bciej umieszcza si\u0119 je w punktach skupu, co pozwala na b\u0142yskawiczn\u0105 ocen\u0119 jako\u015bci ziarna.<\/span><\/p>\n<p><span><\/span><\/p>\n<p><span><\/span><\/p>\n<p>[\/et_pb_text][\/et_pb_column][\/et_pb_row][\/et_pb_section]<\/p>\n","protected":false},"excerpt":{"rendered":"<p>separator zanieczyszcze\u0144opisOcena jako\u015bci ziarna to podstawa przy finalizowaniu transakcji mi\u0119dzy gospodarstwem rolnym a nabywc\u0105. Rolnicy najcz\u0119\u015bciej dokonuj\u0105 jego ka\u017cdorazowej kontroli, aby zweryfikowa\u0107 mi\u0119dzy innymi sk\u0142ad, w tym zawarto\u015b\u0107 procentow\u0105 poszczeg\u00f3lnych sk\u0142adnik\u00f3w, takich jak gluten czy bia\u0142ko. Sprawdzaj\u0105 r\u00f3wnie\u017c poziom wilgotno\u015bci, liczb\u0119 opadania oraz inne parametry \u2013 do ka\u017cdej z tych czynno\u015bci przypisane jest inne urz\u0105dzenie, [&hellip;]<\/p>\n","protected":false},"author":1,"featured_media":0,"parent":0,"menu_order":0,"comment_status":"closed","ping_status":"closed","template":"","meta":{"_et_pb_use_builder":"on","_et_pb_old_content":"<!-- wp:divi\/placeholder \/-->","_et_gb_content_width":"","footnotes":""},"_links":{"self":[{"href":"https:\/\/kujawskiewagi.pl\/index.php\/wp-json\/wp\/v2\/pages\/247"}],"collection":[{"href":"https:\/\/kujawskiewagi.pl\/index.php\/wp-json\/wp\/v2\/pages"}],"about":[{"href":"https:\/\/kujawskiewagi.pl\/index.php\/wp-json\/wp\/v2\/types\/page"}],"author":[{"embeddable":true,"href":"https:\/\/kujawskiewagi.pl\/index.php\/wp-json\/wp\/v2\/users\/1"}],"replies":[{"embeddable":true,"href":"https:\/\/kujawskiewagi.pl\/index.php\/wp-json\/wp\/v2\/comments?post=247"}],"version-history":[{"count":11,"href":"https:\/\/kujawskiewagi.pl\/index.php\/wp-json\/wp\/v2\/pages\/247\/revisions"}],"predecessor-version":[{"id":505,"href":"https:\/\/kujawskiewagi.pl\/index.php\/wp-json\/wp\/v2\/pages\/247\/revisions\/505"}],"wp:attachment":[{"href":"https:\/\/kujawskiewagi.pl\/index.php\/wp-json\/wp\/v2\/media?parent=247"}],"curies":[{"name":"wp","href":"https:\/\/api.w.org\/{rel}","templated":true}]}}