{"id":86,"date":"2023-10-16T19:22:29","date_gmt":"2023-10-16T19:22:29","guid":{"rendered":"http:\/\/kujawskiewagi.pl\/?page_id=86"},"modified":"2024-10-07T13:19:20","modified_gmt":"2024-10-07T13:19:20","slug":"wynajem-wzorcow-hds","status":"publish","type":"page","link":"https:\/\/kujawskiewagi.pl\/index.php\/wynajem-wzorcow-hds\/","title":{"rendered":"Wynajem wzorc\u00f3w HDS"},"content":{"rendered":"<p>[et_pb_section fb_built=&#8221;1&#8243; _builder_version=&#8221;4.27.2&#8243; _module_preset=&#8221;default&#8221; background_image=&#8221;http:\/\/kujawskiewagi.pl\/wp-content\/uploads\/2024\/10\/IMG_1313.jpg&#8221; hover_enabled=&#8221;0&#8243; global_colors_info=&#8221;{}&#8221; sticky_enabled=&#8221;0&#8243; title_text=&#8221;IMG_1313&#8243;][et_pb_row _builder_version=&#8221;4.22.1&#8243; _module_preset=&#8221;default&#8221; custom_padding=&#8221;15%||15%||true|false&#8221; global_colors_info=&#8221;{}&#8221;][et_pb_column type=&#8221;4_4&#8243; _builder_version=&#8221;4.22.1&#8243; _module_preset=&#8221;default&#8221; global_colors_info=&#8221;{}&#8221;][et_pb_text _builder_version=&#8221;4.23&#8243; _module_preset=&#8221;default&#8221; header_font=&#8221;|||on|||||&#8221; header_font_size=&#8221;45px&#8221; header_font_size_tablet=&#8221;45px&#8221; header_font_size_phone=&#8221;30px&#8221; header_font_size_last_edited=&#8221;on|phone&#8221; border_color_left=&#8221;#FFFFFF&#8221; global_colors_info=&#8221;{}&#8221;]<\/p>\n<h1 style=\"text-align: center;\"><span style=\"color: #ffffff;\"><span style=\"font-weight: 400;\">Wynajem wzorc\u00f3w Masy<\/span><\/span><\/h1>\n<p>[\/et_pb_text][\/et_pb_column][\/et_pb_row][\/et_pb_section][et_pb_section fb_built=&#8221;1&#8243; admin_label=&#8221;Workshops and Events Section&#8221; _builder_version=&#8221;4.16&#8243; _module_preset=&#8221;default&#8221; custom_padding=&#8221;0px||0px|&#8221; global_colors_info=&#8221;{}&#8221;][et_pb_row column_structure=&#8221;1_2,1_2&#8243; use_custom_gutter=&#8221;on&#8221; gutter_width=&#8221;0&#8243; make_equal=&#8221;on&#8221; disabled_on=&#8221;on|off|off&#8221; admin_label=&#8221;Workshops and Events Area&#8221; module_class=&#8221; et_pb_row_fullwidth&#8221; _builder_version=&#8221;4.27.2&#8243; _module_preset=&#8221;default&#8221; width=&#8221;100%&#8221; width_tablet=&#8221;100%&#8221; width_phone=&#8221;&#8221; width_last_edited=&#8221;on|desktop&#8221; max_width=&#8221;100%&#8221; max_width_tablet=&#8221;100%&#8221; max_width_phone=&#8221;&#8221; max_width_last_edited=&#8221;on|desktop&#8221; custom_margin=&#8221;|||&#8221; custom_padding=&#8221;0px||0px|||&#8221; hover_enabled=&#8221;0&#8243; make_fullwidth=&#8221;on&#8221; global_colors_info=&#8221;{}&#8221; sticky_enabled=&#8221;0&#8243;][et_pb_column type=&#8221;1_2&#8243; _builder_version=&#8221;4.23&#8243; _module_preset=&#8221;default&#8221; background_color=&#8221;gcid-611c6ae4-2525-4e51-90a7-940978834942&#8243; custom_padding=&#8221;10%|5%|10%|5%&#8221; global_colors_info=&#8221;{%22gcid-611c6ae4-2525-4e51-90a7-940978834942%22:%91%22background_color%22%93}&#8221; custom_padding__hover=&#8221;|||&#8221;][et_pb_text _builder_version=&#8221;4.22.2&#8243; _module_preset=&#8221;default&#8221; text_font=&#8221;||||||||&#8221; text_text_color=&#8221;#000000&#8243; text_font_size=&#8221;30px&#8221; text_line_height=&#8221;1.8em&#8221; header_2_font=&#8221;|||on|||||&#8221; header_2_text_color=&#8221;#FFFFFF&#8221; header_2_line_height=&#8221;1.2em&#8221; custom_margin=&#8221;-90px||||false|false&#8221; custom_margin_tablet=&#8221;&#8221; custom_margin_phone=&#8221;-19px||||false|false&#8221; custom_margin_last_edited=&#8221;on|desktop&#8221; animation_style=&#8221;zoom&#8221; animation_direction=&#8221;left&#8221; animation_starting_opacity=&#8221;100%&#8221; text_font_size_tablet=&#8221;&#8221; text_font_size_phone=&#8221;25px&#8221; text_font_size_last_edited=&#8221;on|phone&#8221; global_colors_info=&#8221;{}&#8221;]<\/p>\n<h2><span style=\"font-weight: 400;\">Oferta<\/span><\/h2>\n<p>[\/et_pb_text][et_pb_divider color=&#8221;#FFFFFF&#8221; divider_position=&#8221;center&#8221; divider_weight=&#8221;3px&#8221; _builder_version=&#8221;4.22.1&#8243; _module_preset=&#8221;default&#8221; max_width=&#8221;50px&#8221; module_alignment=&#8221;left&#8221; animation_style=&#8221;slide&#8221; animation_direction=&#8221;top&#8221; animation_intensity_slide=&#8221;10%&#8221; animation_starting_opacity=&#8221;100%&#8221; locked=&#8221;off&#8221; global_colors_info=&#8221;{}&#8221;][\/et_pb_divider][et_pb_text _builder_version=&#8221;4.22.2&#8243; _module_preset=&#8221;default&#8221; text_font=&#8221;||||||||&#8221; text_text_color=&#8221;#FFFFFF&#8221; animation_style=&#8221;slide&#8221; global_colors_info=&#8221;{}&#8221;]<\/p>\n<p>Zapraszamy do korzystania z kwalifikowanej przez G\u0142\u00f3wny Urz\u0105d Miar wypo\u017cyczalni wzorc\u00f3w masy. Nasze wzorce poddawane s\u0105 regularnej kontroli oraz posiadaj\u0105 wa\u017cne \u015bwiadectwa wzorcowania wystawione przez laboratorium akredytowane Okr\u0119gowego Urz\u0119du Miar.<\/p>\n<p>Jeste\u015bmy w stanie, we w\u0142asnym zakresie wykona\u0107 wszystkie zlecone prace, bez anga\u017cowania Pa\u0144stwa cennego czasu, a sie\u0107 naszych oddzia\u0142\u00f3w umo\u017cliwia weryfikacj\u0119 i u\u017cycie wzorc\u00f3w masy w kilku lokalizacjach Kraju.<\/p>\n<p>Posiadamy na wynajem wzorce masy :\u00a0<\/p>\n<p>1000 kg oraz 2500 kg.\u00a0<\/p>\n<p>&nbsp;<\/p>\n<p>[\/et_pb_text][\/et_pb_column][et_pb_column type=&#8221;1_2&#8243; disabled_on=&#8221;on|off|off&#8221; _builder_version=&#8221;4.27.2&#8243; _module_preset=&#8221;default&#8221; background_image=&#8221;http:\/\/kujawskiewagi.pl\/wp-content\/uploads\/2024\/10\/20230816_124639-scaled.jpg&#8221; background_repeat=&#8221;repeat&#8221; custom_padding=&#8221;|||&#8221; hover_enabled=&#8221;0&#8243; global_colors_info=&#8221;{}&#8221; custom_padding__hover=&#8221;|||&#8221; title_text=&#8221;20230816_124639&#8243; sticky_enabled=&#8221;0&#8243;][et_pb_divider show_divider=&#8221;off&#8221; _builder_version=&#8221;4.22.2&#8243; _module_preset=&#8221;default&#8221; height=&#8221;400px&#8221; locked=&#8221;off&#8221; global_colors_info=&#8221;{}&#8221;][\/et_pb_divider][\/et_pb_column][\/et_pb_row][\/et_pb_section]<\/p>\n","protected":false},"excerpt":{"rendered":"<p>Wynajem wzorc\u00f3w MasyOfertaZapraszamy do korzystania z kwalifikowanej przez G\u0142\u00f3wny Urz\u0105d Miar wypo\u017cyczalni wzorc\u00f3w masy. Nasze wzorce poddawane s\u0105 regularnej kontroli oraz posiadaj\u0105 wa\u017cne \u015bwiadectwa wzorcowania wystawione przez laboratorium akredytowane Okr\u0119gowego Urz\u0119du Miar. Jeste\u015bmy w stanie, we w\u0142asnym zakresie wykona\u0107 wszystkie zlecone prace, bez anga\u017cowania Pa\u0144stwa cennego czasu, a sie\u0107 naszych oddzia\u0142\u00f3w umo\u017cliwia weryfikacj\u0119 i u\u017cycie [&hellip;]<\/p>\n","protected":false},"author":1,"featured_media":0,"parent":0,"menu_order":0,"comment_status":"closed","ping_status":"closed","template":"","meta":{"_et_pb_use_builder":"on","_et_pb_old_content":"<!-- wp:divi\/placeholder \/-->","_et_gb_content_width":"","footnotes":""},"_links":{"self":[{"href":"https:\/\/kujawskiewagi.pl\/index.php\/wp-json\/wp\/v2\/pages\/86"}],"collection":[{"href":"https:\/\/kujawskiewagi.pl\/index.php\/wp-json\/wp\/v2\/pages"}],"about":[{"href":"https:\/\/kujawskiewagi.pl\/index.php\/wp-json\/wp\/v2\/types\/page"}],"author":[{"embeddable":true,"href":"https:\/\/kujawskiewagi.pl\/index.php\/wp-json\/wp\/v2\/users\/1"}],"replies":[{"embeddable":true,"href":"https:\/\/kujawskiewagi.pl\/index.php\/wp-json\/wp\/v2\/comments?post=86"}],"version-history":[{"count":15,"href":"https:\/\/kujawskiewagi.pl\/index.php\/wp-json\/wp\/v2\/pages\/86\/revisions"}],"predecessor-version":[{"id":697,"href":"https:\/\/kujawskiewagi.pl\/index.php\/wp-json\/wp\/v2\/pages\/86\/revisions\/697"}],"wp:attachment":[{"href":"https:\/\/kujawskiewagi.pl\/index.php\/wp-json\/wp\/v2\/media?parent=86"}],"curies":[{"name":"wp","href":"https:\/\/api.w.org\/{rel}","templated":true}]}}