{"id":92,"date":"2023-10-16T19:24:05","date_gmt":"2023-10-16T19:24:05","guid":{"rendered":"http:\/\/kujawskiewagi.pl\/?page_id=92"},"modified":"2023-10-30T12:39:54","modified_gmt":"2023-10-30T12:39:54","slug":"wagi-magazynowe","status":"publish","type":"page","link":"https:\/\/kujawskiewagi.pl\/index.php\/wagi-magazynowe\/","title":{"rendered":"Wagi magazynowe"},"content":{"rendered":"<p>[et_pb_section fb_built=&#8221;1&#8243; _builder_version=&#8221;4.23&#8243; _module_preset=&#8221;default&#8221; background_image=&#8221;http:\/\/kujawskiewagi.pl\/wp-content\/uploads\/2023\/10\/Catapult-5000-L-Right-DMX-ID-4294983779-jpg.jpeg&#8221; background_size=&#8221;contain&#8221; global_colors_info=&#8221;{}&#8221;][et_pb_row _builder_version=&#8221;4.22.1&#8243; _module_preset=&#8221;default&#8221; custom_padding=&#8221;15%||15%||true|false&#8221; global_colors_info=&#8221;{}&#8221;][et_pb_column type=&#8221;4_4&#8243; _builder_version=&#8221;4.22.1&#8243; _module_preset=&#8221;default&#8221; global_colors_info=&#8221;{}&#8221;][et_pb_text _builder_version=&#8221;4.23&#8243; _module_preset=&#8221;default&#8221; header_font=&#8221;|||on|||||&#8221; header_font_size=&#8221;45px&#8221; header_font_size_tablet=&#8221;45px&#8221; header_font_size_phone=&#8221;30px&#8221; header_font_size_last_edited=&#8221;on|phone&#8221; border_color_left=&#8221;#FFFFFF&#8221; global_colors_info=&#8221;{}&#8221;]<\/p>\n<h1 style=\"text-align: center;\"><span style=\"color: #000000;\"><span style=\"font-weight: 400;\">Wagi magazynowe<\/span><\/span><\/h1>\n<p>[\/et_pb_text][\/et_pb_column][\/et_pb_row][\/et_pb_section][et_pb_section fb_built=&#8221;1&#8243; admin_label=&#8221;Workshops and Events Section&#8221; _builder_version=&#8221;4.16&#8243; _module_preset=&#8221;default&#8221; custom_padding=&#8221;0px||0px|&#8221; global_colors_info=&#8221;{}&#8221;][et_pb_row column_structure=&#8221;1_2,1_2&#8243; use_custom_gutter=&#8221;on&#8221; gutter_width=&#8221;0&#8243; make_equal=&#8221;on&#8221; disabled_on=&#8221;on|off|off&#8221; admin_label=&#8221;Workshops and Events Area&#8221; module_class=&#8221; et_pb_row_fullwidth&#8221; _builder_version=&#8221;4.23&#8243; _module_preset=&#8221;default&#8221; width=&#8221;100%&#8221; width_tablet=&#8221;100%&#8221; width_phone=&#8221;&#8221; width_last_edited=&#8221;on|desktop&#8221; max_width=&#8221;100%&#8221; max_width_tablet=&#8221;100%&#8221; max_width_phone=&#8221;&#8221; max_width_last_edited=&#8221;on|desktop&#8221; custom_margin=&#8221;|||&#8221; custom_padding=&#8221;0px||0px|||&#8221; make_fullwidth=&#8221;on&#8221; global_colors_info=&#8221;{}&#8221;][et_pb_column type=&#8221;1_2&#8243; _builder_version=&#8221;4.23&#8243; _module_preset=&#8221;default&#8221; background_color=&#8221;gcid-611c6ae4-2525-4e51-90a7-940978834942&#8243; custom_padding=&#8221;10%|5%|10%|5%&#8221; global_colors_info=&#8221;{%22gcid-611c6ae4-2525-4e51-90a7-940978834942%22:%91%22background_color%22%93}&#8221; custom_padding__hover=&#8221;|||&#8221;][et_pb_text _builder_version=&#8221;4.23&#8243; _module_preset=&#8221;default&#8221; text_font=&#8221;||||||||&#8221; text_text_color=&#8221;#000000&#8243; text_font_size=&#8221;30px&#8221; text_line_height=&#8221;1.8em&#8221; header_2_font=&#8221;|||on|||||&#8221; header_2_text_color=&#8221;#FFFFFF&#8221; header_2_line_height=&#8221;1.2em&#8221; custom_margin=&#8221;-90px||||false|false&#8221; custom_margin_tablet=&#8221;&#8221; custom_margin_phone=&#8221;-19px||||false|false&#8221; custom_margin_last_edited=&#8221;on|desktop&#8221; animation_style=&#8221;zoom&#8221; animation_direction=&#8221;left&#8221; animation_starting_opacity=&#8221;100%&#8221; text_font_size_tablet=&#8221;&#8221; text_font_size_phone=&#8221;25px&#8221; text_font_size_last_edited=&#8221;on|phone&#8221; global_colors_info=&#8221;{}&#8221;]<\/p>\n<h2><span style=\"font-weight: 400;\">Opis<\/span><\/h2>\n<p>[\/et_pb_text][et_pb_divider color=&#8221;#FFFFFF&#8221; divider_position=&#8221;center&#8221; divider_weight=&#8221;3px&#8221; _builder_version=&#8221;4.22.1&#8243; _module_preset=&#8221;default&#8221; max_width=&#8221;50px&#8221; module_alignment=&#8221;left&#8221; animation_style=&#8221;slide&#8221; animation_direction=&#8221;top&#8221; animation_intensity_slide=&#8221;10%&#8221; animation_starting_opacity=&#8221;100%&#8221; locked=&#8221;off&#8221; global_colors_info=&#8221;{}&#8221;][\/et_pb_divider][et_pb_text _builder_version=&#8221;4.23&#8243; _module_preset=&#8221;default&#8221; text_text_color=&#8221;#FFFFFF&#8221; global_colors_info=&#8221;{}&#8221; text_font=&#8221;||||||||&#8221; animation_style=&#8221;slide&#8221;]<\/p>\n<p>Precyzyjne wagi magazynowe to urz\u0105dzenia pomiarowe s\u0142u\u017c\u0105ce do wyznaczania masy towar\u00f3w w halach magazynowych i centrach logistycznych. Modu\u0142owe rozwi\u0105zania maj\u0105 mo\u017cliwo\u015b\u0107 okresowego wzorcowania oraz legalizacji. Istnieje mo\u017cliwo\u015b\u0107 wyposa\u017cenia ich w opcjonalny akumulator o podwy\u017cszonej \u017cywotno\u015bci. Ich funkcjonalno\u015b\u0107 pozwala na sumowanie kilku wykonanych operacji wa\u017cenia, liczenie sztuk, a tak\u017ce zamro\u017cenie wyniku (funkcja HOLD). Sprz\u0119t jest przeznaczony do stref ATEX.<\/p>\n<p>Produkty mog\u0105 jednocze\u015bnie powodowa\u0107 aktywacj\u0119 wyj\u015b\u0107 przeka\u017anikowych, a tak\u017ce drukowa\u0107 bilety dokumentuj\u0105ce pomiar. Pozwalaj\u0105 na szerokie zastosowania pomiarowe zwi\u0105zane z wa\u017ceniem zwierz\u0105t, a tak\u017ce dozowaniem i tarowaniem. Mog\u0105 by\u0107 dostarczone w wersji wykonanej ze stali nierdzewnej, dzi\u0119ki czemu ich obudowa spe\u0142ni wymagania normy IP68. Jeste\u015bmy w stanie dopasowa\u0107 konstrukcj\u0119 do indywidualnych wymaga\u0144 klienta pod k\u0105tem wytrzyma\u0142o\u015bci oraz funkcjonalno\u015bci. Oferujemy je z szalkami o wymiarach od 10 x 10 cm do 2 x 2 m.<\/p>\n<p>[\/et_pb_text][\/et_pb_column][et_pb_column type=&#8221;1_2&#8243; disabled_on=&#8221;on|off|off&#8221; _builder_version=&#8221;4.23&#8243; _module_preset=&#8221;default&#8221; background_image=&#8221;http:\/\/kujawskiewagi.pl\/wp-content\/uploads\/2023\/10\/cnvrt-5005.png&#8221; background_size=&#8221;contain&#8221; custom_padding=&#8221;|||&#8221; global_colors_info=&#8221;{}&#8221; custom_padding__hover=&#8221;|||&#8221;][et_pb_divider show_divider=&#8221;off&#8221; _builder_version=&#8221;4.16&#8243; _module_preset=&#8221;default&#8221; height=&#8221;400px&#8221; locked=&#8221;off&#8221; global_colors_info=&#8221;{}&#8221;][\/et_pb_divider][\/et_pb_column][\/et_pb_row][et_pb_row column_structure=&#8221;1_2,1_2&#8243; use_custom_gutter=&#8221;on&#8221; gutter_width=&#8221;0&#8243; make_equal=&#8221;on&#8221; disabled_on=&#8221;off|on|on&#8221; admin_label=&#8221;Workshops and Events Area&#8221; module_class=&#8221; et_pb_row_fullwidth&#8221; _builder_version=&#8221;4.23&#8243; _module_preset=&#8221;default&#8221; width=&#8221;100%&#8221; width_tablet=&#8221;100%&#8221; width_phone=&#8221;&#8221; width_last_edited=&#8221;on|desktop&#8221; max_width=&#8221;100%&#8221; max_width_tablet=&#8221;100%&#8221; max_width_phone=&#8221;&#8221; max_width_last_edited=&#8221;on|desktop&#8221; custom_margin=&#8221;|||&#8221; custom_padding=&#8221;0px||0px|||&#8221; make_fullwidth=&#8221;on&#8221; global_colors_info=&#8221;{}&#8221;][et_pb_column type=&#8221;1_2&#8243; disabled_on=&#8221;off|off|off&#8221; _builder_version=&#8221;4.23&#8243; _module_preset=&#8221;default&#8221; background_image=&#8221;http:\/\/kujawskiewagi.pl\/wp-content\/uploads\/2023\/10\/cnvrt-5005.png&#8221; background_size=&#8221;contain&#8221; custom_padding=&#8221;|||&#8221; global_colors_info=&#8221;{}&#8221; custom_padding__hover=&#8221;|||&#8221;][et_pb_divider show_divider=&#8221;off&#8221; _builder_version=&#8221;4.16&#8243; _module_preset=&#8221;default&#8221; height=&#8221;400px&#8221; locked=&#8221;off&#8221; global_colors_info=&#8221;{}&#8221;][\/et_pb_divider][\/et_pb_column][et_pb_column type=&#8221;1_2&#8243; _builder_version=&#8221;4.23&#8243; _module_preset=&#8221;default&#8221; background_color=&#8221;gcid-611c6ae4-2525-4e51-90a7-940978834942&#8243; custom_padding=&#8221;10%|5%|10%|5%&#8221; global_colors_info=&#8221;{%22gcid-611c6ae4-2525-4e51-90a7-940978834942%22:%91%22background_color%22%93}&#8221; custom_padding__hover=&#8221;|||&#8221;][et_pb_text _builder_version=&#8221;4.23&#8243; _module_preset=&#8221;default&#8221; text_font=&#8221;||||||||&#8221; text_text_color=&#8221;#000000&#8243; text_font_size=&#8221;30px&#8221; text_line_height=&#8221;1.8em&#8221; header_2_font=&#8221;|||on|||||&#8221; header_2_text_color=&#8221;#FFFFFF&#8221; header_2_line_height=&#8221;1.2em&#8221; custom_margin=&#8221;-90px||||false|false&#8221; custom_margin_tablet=&#8221;&#8221; custom_margin_phone=&#8221;-19px||||false|false&#8221; custom_margin_last_edited=&#8221;on|desktop&#8221; animation_style=&#8221;zoom&#8221; animation_direction=&#8221;left&#8221; animation_starting_opacity=&#8221;100%&#8221; text_font_size_tablet=&#8221;&#8221; text_font_size_phone=&#8221;25px&#8221; text_font_size_last_edited=&#8221;on|phone&#8221; global_colors_info=&#8221;{}&#8221;]<\/p>\n<h2><span style=\"font-weight: 400;\">Opis<\/span><\/h2>\n<p>[\/et_pb_text][et_pb_divider color=&#8221;#FFFFFF&#8221; divider_position=&#8221;center&#8221; divider_weight=&#8221;3px&#8221; _builder_version=&#8221;4.22.1&#8243; _module_preset=&#8221;default&#8221; max_width=&#8221;50px&#8221; module_alignment=&#8221;left&#8221; animation_style=&#8221;slide&#8221; animation_direction=&#8221;top&#8221; animation_intensity_slide=&#8221;10%&#8221; animation_starting_opacity=&#8221;100%&#8221; locked=&#8221;off&#8221; global_colors_info=&#8221;{}&#8221;][\/et_pb_divider][et_pb_text _builder_version=&#8221;4.22.2&#8243; _module_preset=&#8221;default&#8221; text_text_color=&#8221;#FFFFFF&#8221; global_colors_info=&#8221;{}&#8221; text_font=&#8221;||||||||&#8221; animation_style=&#8221;slide&#8221;]<\/p>\n<p>Precyzyjne wagi magazynowe to urz\u0105dzenia pomiarowe s\u0142u\u017c\u0105ce do wyznaczania masy towar\u00f3w w halach magazynowych i centrach logistycznych. Modu\u0142owe rozwi\u0105zania maj\u0105 mo\u017cliwo\u015b\u0107 okresowego wzorcowania oraz legalizacji. Istnieje mo\u017cliwo\u015b\u0107 wyposa\u017cenia ich w opcjonalny akumulator o podwy\u017cszonej \u017cywotno\u015bci. Ich funkcjonalno\u015b\u0107 pozwala na sumowanie kilku wykonanych operacji wa\u017cenia, liczenie sztuk, a tak\u017ce zamro\u017cenie wyniku (funkcja HOLD). Sprz\u0119t jest przeznaczony do stref ATEX.<\/p>\n<p>Produkty mog\u0105 jednocze\u015bnie powodowa\u0107 aktywacj\u0119 wyj\u015b\u0107 przeka\u017anikowych, a tak\u017ce drukowa\u0107 bilety dokumentuj\u0105ce pomiar. Pozwalaj\u0105 na szerokie zastosowania pomiarowe zwi\u0105zane z wa\u017ceniem zwierz\u0105t, a tak\u017ce dozowaniem i tarowaniem. Mog\u0105 by\u0107 dostarczone w wersji wykonanej ze stali nierdzewnej, dzi\u0119ki czemu ich obudowa spe\u0142ni wymagania normy IP68. Jeste\u015bmy w stanie dopasowa\u0107 konstrukcj\u0119 do indywidualnych wymaga\u0144 klienta pod k\u0105tem wytrzyma\u0142o\u015bci oraz funkcjonalno\u015bci. Oferujemy je z szalkami o wymiarach od 10 x 10 cm do 2 x 2 m.<\/p>\n<p>[\/et_pb_text][\/et_pb_column][\/et_pb_row][\/et_pb_section][et_pb_section fb_built=&#8221;1&#8243; admin_label=&#8221;Workshops and Events Section&#8221; _builder_version=&#8221;4.16&#8243; _module_preset=&#8221;default&#8221; custom_padding=&#8221;0px||0px|&#8221; global_colors_info=&#8221;{}&#8221;][et_pb_row column_structure=&#8221;1_2,1_2&#8243; use_custom_gutter=&#8221;on&#8221; gutter_width=&#8221;0&#8243; make_equal=&#8221;on&#8221; disabled_on=&#8221;on|off|off&#8221; admin_label=&#8221;Workshops and Events Area&#8221; module_class=&#8221; et_pb_row_fullwidth&#8221; _builder_version=&#8221;4.23&#8243; _module_preset=&#8221;default&#8221; width=&#8221;100%&#8221; width_tablet=&#8221;100%&#8221; width_phone=&#8221;&#8221; width_last_edited=&#8221;on|desktop&#8221; max_width=&#8221;100%&#8221; max_width_tablet=&#8221;100%&#8221; max_width_phone=&#8221;&#8221; max_width_last_edited=&#8221;on|desktop&#8221; custom_margin=&#8221;|||&#8221; custom_padding=&#8221;0px||0px|||&#8221; make_fullwidth=&#8221;on&#8221; global_colors_info=&#8221;{}&#8221;][et_pb_column type=&#8221;1_2&#8243; disabled_on=&#8221;on|off|off&#8221; _builder_version=&#8221;4.23&#8243; _module_preset=&#8221;default&#8221; background_image=&#8221;http:\/\/kujawskiewagi.pl\/wp-content\/uploads\/2023\/10\/Catapult-5000-X-Right-DMX-ID-4294983786-jpg.jpeg&#8221; background_size=&#8221;contain&#8221; custom_padding=&#8221;|||&#8221; global_colors_info=&#8221;{}&#8221; custom_padding__hover=&#8221;|||&#8221;][et_pb_divider show_divider=&#8221;off&#8221; _builder_version=&#8221;4.16&#8243; _module_preset=&#8221;default&#8221; height=&#8221;400px&#8221; locked=&#8221;off&#8221; global_colors_info=&#8221;{}&#8221;][\/et_pb_divider][\/et_pb_column][et_pb_column type=&#8221;1_2&#8243; _builder_version=&#8221;4.23&#8243; _module_preset=&#8221;default&#8221; background_color=&#8221;gcid-ee58c95e-e067-410e-a6c7-f139f1ae3990&#8243; custom_padding=&#8221;10%|5%|10%|5%&#8221; global_colors_info=&#8221;{%22gcid-ee58c95e-e067-410e-a6c7-f139f1ae3990%22:%91%22background_color%22%93}&#8221; custom_padding__hover=&#8221;|||&#8221;][et_pb_text _builder_version=&#8221;4.23&#8243; _module_preset=&#8221;default&#8221; text_font=&#8221;||||||||&#8221; text_text_color=&#8221;#000000&#8243; text_font_size=&#8221;30px&#8221; text_line_height=&#8221;1.8em&#8221; header_2_font=&#8221;|||on|||||&#8221; header_2_text_color=&#8221;#FFFFFF&#8221; header_2_line_height=&#8221;1.2em&#8221; custom_margin=&#8221;-90px||||false|false&#8221; custom_margin_tablet=&#8221;&#8221; custom_margin_phone=&#8221;-19px||||false|false&#8221; custom_margin_last_edited=&#8221;on|desktop&#8221; animation_style=&#8221;zoom&#8221; animation_direction=&#8221;left&#8221; animation_starting_opacity=&#8221;100%&#8221; text_font_size_tablet=&#8221;&#8221; text_font_size_phone=&#8221;25px&#8221; text_font_size_last_edited=&#8221;on|phone&#8221; global_colors_info=&#8221;{}&#8221;]<\/p>\n<h2 class=\"h3 font-weight-normal m-0 title colorGray\">Modu\u0142owe wagi magazynowe<\/h2>\n<p>[\/et_pb_text][et_pb_divider color=&#8221;#FFFFFF&#8221; divider_position=&#8221;center&#8221; divider_weight=&#8221;3px&#8221; _builder_version=&#8221;4.22.1&#8243; _module_preset=&#8221;default&#8221; max_width=&#8221;50px&#8221; module_alignment=&#8221;left&#8221; animation_style=&#8221;slide&#8221; animation_direction=&#8221;top&#8221; animation_intensity_slide=&#8221;10%&#8221; animation_starting_opacity=&#8221;100%&#8221; locked=&#8221;off&#8221; global_colors_info=&#8221;{}&#8221;][\/et_pb_divider][et_pb_text _builder_version=&#8221;4.22.2&#8243; _module_preset=&#8221;default&#8221; text_text_color=&#8221;#FFFFFF&#8221; global_colors_info=&#8221;{}&#8221; text_font=&#8221;||||||||&#8221; animation_style=&#8221;slide&#8221;]<\/p>\n<p>Oferowane wagi magazynowe s\u0105 przeznaczone do profesjonalnych zastosowa\u0144 m.in. na terenie hurtowni budowlanych oraz zak\u0142ad\u00f3w przemys\u0142owych i centr\u00f3w prze\u0142adunkowych. Odporna na uszkodzenia mechaniczne konstrukcja urz\u0105dze\u0144 zosta\u0142a wykonana z wysokiej jako\u015bci metali niepodatnych na uderzenia oraz dzia\u0142anie korozji i agresywnych substancji chemicznych. Sprz\u0119t jest jednocze\u015bnie ergonomiczny i \u0142atwy w obs\u0142udze. Mo\u017ce pracowa\u0107 w szerokim zakresie temperatur roboczych.<\/p>\n<p>Pomostowe wagi magazynowe dost\u0119pne w naszym asortymencie mog\u0105 by\u0107 poddane procesowi wzorcowania i legalizacji, i wykorzystane zgodnie z prawem w zastosowaniach zwi\u0105zanych z rozliczeniami handlowymi. S\u0105 u\u017cytkowane w miejscach takich jak:<\/p>\n<ul>\n<li>logistyka,<\/li>\n<li>przetw\u00f3rstwo mi\u0119sne,<\/li>\n<li>przemys\u0142 spo\u017cywczy,<\/li>\n<li>gastronomia,<\/li>\n<li>sk\u0142ady budowlane,<\/li>\n<li>handel hurtowy.<\/li>\n<\/ul>\n<p>Wieloletnie do\u015bwiadczenie w dziedzinie precyzyjnych system\u00f3w wa\u017c\u0105cych sprawia, \u017ce jeste\u015bmy w stanie dopasowa\u0107 produkt do indywidualnych potrzeb klienta. Zajmujemy si\u0119 r\u00f3wnie\u017c wdro\u017ceniami, monta\u017cem oraz profesjonalnym serwisem gwarancyjnym, jak i pogwarancyjnym. \u015awiadczymy tak\u017ce telefoniczn\u0105 pomoc techniczn\u0105 dla kontrahent\u00f3w.<\/p>\n<p>[\/et_pb_text][\/et_pb_column][\/et_pb_row][\/et_pb_section][et_pb_section fb_built=&#8221;1&#8243; admin_label=&#8221;Workshops and Events Section&#8221; _builder_version=&#8221;4.16&#8243; _module_preset=&#8221;default&#8221; custom_padding=&#8221;0px||0px|&#8221; global_colors_info=&#8221;{}&#8221;][et_pb_row column_structure=&#8221;1_2,1_2&#8243; use_custom_gutter=&#8221;on&#8221; gutter_width=&#8221;0&#8243; make_equal=&#8221;on&#8221; disabled_on=&#8221;on|off|off&#8221; admin_label=&#8221;Workshops and Events Area&#8221; module_class=&#8221; et_pb_row_fullwidth&#8221; _builder_version=&#8221;4.23&#8243; _module_preset=&#8221;default&#8221; width=&#8221;100%&#8221; width_tablet=&#8221;100%&#8221; width_phone=&#8221;&#8221; width_last_edited=&#8221;on|desktop&#8221; max_width=&#8221;100%&#8221; max_width_tablet=&#8221;100%&#8221; max_width_phone=&#8221;&#8221; max_width_last_edited=&#8221;on|desktop&#8221; custom_margin=&#8221;|||&#8221; custom_padding=&#8221;0px||0px|||&#8221; make_fullwidth=&#8221;on&#8221; global_colors_info=&#8221;{}&#8221;][et_pb_column type=&#8221;1_2&#8243; _builder_version=&#8221;4.23&#8243; _module_preset=&#8221;default&#8221; background_color=&#8221;gcid-611c6ae4-2525-4e51-90a7-940978834942&#8243; custom_padding=&#8221;10%|5%|10%|5%&#8221; global_colors_info=&#8221;{%22gcid-611c6ae4-2525-4e51-90a7-940978834942%22:%91%22background_color%22%93}&#8221; custom_padding__hover=&#8221;|||&#8221;][et_pb_text _builder_version=&#8221;4.23&#8243; _module_preset=&#8221;default&#8221; text_font=&#8221;||||||||&#8221; text_text_color=&#8221;#000000&#8243; text_font_size=&#8221;30px&#8221; text_line_height=&#8221;1.8em&#8221; header_2_font=&#8221;|||on|||||&#8221; header_2_text_color=&#8221;#FFFFFF&#8221; header_2_line_height=&#8221;1.2em&#8221; custom_margin=&#8221;-90px||||false|false&#8221; custom_margin_tablet=&#8221;&#8221; custom_margin_phone=&#8221;-19px||||false|false&#8221; custom_margin_last_edited=&#8221;on|desktop&#8221; animation_style=&#8221;zoom&#8221; animation_direction=&#8221;left&#8221; animation_starting_opacity=&#8221;100%&#8221; text_font_size_tablet=&#8221;&#8221; text_font_size_phone=&#8221;25px&#8221; text_font_size_last_edited=&#8221;on|phone&#8221; global_colors_info=&#8221;{}&#8221;]<\/p>\n<h2 class=\"h3 font-weight-normal m-0 title colorGray\">Precyzyjne wagi do magazyn\u00f3w<\/h2>\n<p>[\/et_pb_text][et_pb_divider color=&#8221;#FFFFFF&#8221; divider_position=&#8221;center&#8221; divider_weight=&#8221;3px&#8221; _builder_version=&#8221;4.22.1&#8243; _module_preset=&#8221;default&#8221; max_width=&#8221;50px&#8221; module_alignment=&#8221;left&#8221; animation_style=&#8221;slide&#8221; animation_direction=&#8221;top&#8221; animation_intensity_slide=&#8221;10%&#8221; animation_starting_opacity=&#8221;100%&#8221; locked=&#8221;off&#8221; global_colors_info=&#8221;{}&#8221;][\/et_pb_divider][et_pb_text _builder_version=&#8221;4.23&#8243; _module_preset=&#8221;default&#8221; text_text_color=&#8221;#FFFFFF&#8221; global_colors_info=&#8221;{}&#8221; text_font=&#8221;||||||||&#8221; animation_style=&#8221;slide&#8221;]<\/p>\n<p>Dost\u0119pne u nas precyzyjne wagi do magazyn\u00f3w s\u0105 wyposa\u017cone w wydajne zasilanie sieciowe 230 V z mo\u017cliwo\u015bci\u0105 u\u017cycia dodatkowego akumulatora o bardzo wysokiej \u017cywotno\u015bci. Umo\u017cliwiaj\u0105 wa\u017cenie w r\u00f3\u017cnych jednostkach pomiarowych. Doskonale sprawdzaj\u0105 si\u0119 przy pomiarze masy europalet, skrzyniopalet, big-bag\u00f3w, a tak\u017ce konwencjonalnych palet i wszelkiego rodzaju element\u00f3w stosowanych w nowoczesnej logistyce i bran\u017cy transportowej.<\/p>\n<p>Produkty pomiarowe znajduj\u0105ce si\u0119 w naszym asortymencie mog\u0105 by\u0107 wyposa\u017cone w dodatkowe udogodnienia takie jak regulowane n\u00f3\u017cki czy rampy najazdowe. S\u0105 przystosowane do obs\u0142ugi w r\u0119kawiczkach i zapewniaj\u0105 wysoki komfort u\u017cytkowania nawet w niesprzyjaj\u0105cych warunkach \u015brodowiskowych. Je\u017celi szukasz precyzyjnej i niezawodnej wagi magazynowej w dobrej cenie, to skorzystaj z naszej bogatej oferty ju\u017c dzi\u015b!<\/p>\n<p>[\/et_pb_text][\/et_pb_column][et_pb_column type=&#8221;1_2&#8243; disabled_on=&#8221;on|off|off&#8221; _builder_version=&#8221;4.23&#8243; _module_preset=&#8221;default&#8221; background_image=&#8221;http:\/\/kujawskiewagi.pl\/wp-content\/uploads\/2023\/10\/Catapult-5000-R-Right-DMX-ID-4294983782-jpg.jpeg&#8221; background_size=&#8221;contain&#8221; custom_padding=&#8221;|||&#8221; global_colors_info=&#8221;{}&#8221; custom_padding__hover=&#8221;|||&#8221;][et_pb_divider show_divider=&#8221;off&#8221; _builder_version=&#8221;4.16&#8243; _module_preset=&#8221;default&#8221; height=&#8221;400px&#8221; locked=&#8221;off&#8221; global_colors_info=&#8221;{}&#8221;][\/et_pb_divider][\/et_pb_column][\/et_pb_row][et_pb_row column_structure=&#8221;1_2,1_2&#8243; use_custom_gutter=&#8221;on&#8221; gutter_width=&#8221;0&#8243; make_equal=&#8221;on&#8221; disabled_on=&#8221;off|on|on&#8221; admin_label=&#8221;Workshops and Events Area&#8221; module_class=&#8221; et_pb_row_fullwidth&#8221; _builder_version=&#8221;4.23&#8243; _module_preset=&#8221;default&#8221; width=&#8221;100%&#8221; width_tablet=&#8221;100%&#8221; width_phone=&#8221;&#8221; width_last_edited=&#8221;on|desktop&#8221; max_width=&#8221;100%&#8221; max_width_tablet=&#8221;100%&#8221; max_width_phone=&#8221;&#8221; max_width_last_edited=&#8221;on|desktop&#8221; custom_margin=&#8221;|||&#8221; custom_padding=&#8221;0px||0px|||&#8221; make_fullwidth=&#8221;on&#8221; global_colors_info=&#8221;{}&#8221;][et_pb_column type=&#8221;1_2&#8243; disabled_on=&#8221;off|off|off&#8221; _builder_version=&#8221;4.23&#8243; _module_preset=&#8221;default&#8221; background_image=&#8221;http:\/\/kujawskiewagi.pl\/wp-content\/uploads\/2023\/10\/Catapult-5000-R-Right-DMX-ID-4294983782-jpg.jpeg&#8221; background_size=&#8221;contain&#8221; custom_padding=&#8221;|||&#8221; global_colors_info=&#8221;{}&#8221; custom_padding__hover=&#8221;|||&#8221;][et_pb_divider show_divider=&#8221;off&#8221; _builder_version=&#8221;4.16&#8243; _module_preset=&#8221;default&#8221; height=&#8221;400px&#8221; locked=&#8221;off&#8221; global_colors_info=&#8221;{}&#8221;][\/et_pb_divider][\/et_pb_column][et_pb_column type=&#8221;1_2&#8243; _builder_version=&#8221;4.23&#8243; _module_preset=&#8221;default&#8221; background_color=&#8221;gcid-611c6ae4-2525-4e51-90a7-940978834942&#8243; custom_padding=&#8221;10%|5%|10%|5%&#8221; global_colors_info=&#8221;{%22gcid-611c6ae4-2525-4e51-90a7-940978834942%22:%91%22background_color%22%93}&#8221; custom_padding__hover=&#8221;|||&#8221;][et_pb_text _builder_version=&#8221;4.23&#8243; _module_preset=&#8221;default&#8221; text_font=&#8221;||||||||&#8221; text_text_color=&#8221;#000000&#8243; text_font_size=&#8221;30px&#8221; text_line_height=&#8221;1.8em&#8221; header_2_font=&#8221;|||on|||||&#8221; header_2_text_color=&#8221;#FFFFFF&#8221; header_2_line_height=&#8221;1.2em&#8221; custom_margin=&#8221;-90px||||false|false&#8221; custom_margin_tablet=&#8221;&#8221; custom_margin_phone=&#8221;-19px||||false|false&#8221; custom_margin_last_edited=&#8221;on|desktop&#8221; animation_style=&#8221;zoom&#8221; animation_direction=&#8221;left&#8221; animation_starting_opacity=&#8221;100%&#8221; text_font_size_tablet=&#8221;&#8221; text_font_size_phone=&#8221;25px&#8221; text_font_size_last_edited=&#8221;on|phone&#8221; global_colors_info=&#8221;{}&#8221;]<\/p>\n<h2 class=\"h3 font-weight-normal m-0 title colorGray\">Precyzyjne wagi do magazyn\u00f3w<\/h2>\n<p>[\/et_pb_text][et_pb_divider color=&#8221;#FFFFFF&#8221; divider_position=&#8221;center&#8221; divider_weight=&#8221;3px&#8221; _builder_version=&#8221;4.22.1&#8243; _module_preset=&#8221;default&#8221; max_width=&#8221;50px&#8221; module_alignment=&#8221;left&#8221; animation_style=&#8221;slide&#8221; animation_direction=&#8221;top&#8221; animation_intensity_slide=&#8221;10%&#8221; animation_starting_opacity=&#8221;100%&#8221; locked=&#8221;off&#8221; global_colors_info=&#8221;{}&#8221;][\/et_pb_divider][et_pb_text _builder_version=&#8221;4.22.2&#8243; _module_preset=&#8221;default&#8221; text_text_color=&#8221;#FFFFFF&#8221; global_colors_info=&#8221;{}&#8221; text_font=&#8221;||||||||&#8221; animation_style=&#8221;slide&#8221;]<\/p>\n<p>Dost\u0119pne u nas precyzyjne wagi do magazyn\u00f3w s\u0105 wyposa\u017cone w wydajne zasilanie sieciowe 230 V z mo\u017cliwo\u015bci\u0105 u\u017cycia dodatkowego akumulatora o bardzo wysokiej \u017cywotno\u015bci. Umo\u017cliwiaj\u0105 wa\u017cenie w r\u00f3\u017cnych jednostkach pomiarowych. Doskonale sprawdzaj\u0105 si\u0119 przy pomiarze masy europalet, skrzyniopalet, big-bag\u00f3w, a tak\u017ce konwencjonalnych palet i wszelkiego rodzaju element\u00f3w stosowanych w nowoczesnej logistyce i bran\u017cy transportowej.<\/p>\n<p>Produkty pomiarowe znajduj\u0105ce si\u0119 w naszym asortymencie mog\u0105 by\u0107 wyposa\u017cone w dodatkowe udogodnienia takie jak regulowane n\u00f3\u017cki czy rampy najazdowe. S\u0105 przystosowane do obs\u0142ugi w r\u0119kawiczkach i zapewniaj\u0105 wysoki komfort u\u017cytkowania nawet w niesprzyjaj\u0105cych warunkach \u015brodowiskowych. Je\u017celi szukasz precyzyjnej i niezawodnej wagi magazynowej w dobrej cenie, to skorzystaj z naszej bogatej oferty ju\u017c dzi\u015b!<\/p>\n<p>[\/et_pb_text][\/et_pb_column][\/et_pb_row][\/et_pb_section]<\/p>\n","protected":false},"excerpt":{"rendered":"<p>Wagi magazynoweOpisPrecyzyjne wagi magazynowe to urz\u0105dzenia pomiarowe s\u0142u\u017c\u0105ce do wyznaczania masy towar\u00f3w w halach magazynowych i centrach logistycznych. Modu\u0142owe rozwi\u0105zania maj\u0105 mo\u017cliwo\u015b\u0107 okresowego wzorcowania oraz legalizacji. Istnieje mo\u017cliwo\u015b\u0107 wyposa\u017cenia ich w opcjonalny akumulator o podwy\u017cszonej \u017cywotno\u015bci. Ich funkcjonalno\u015b\u0107 pozwala na sumowanie kilku wykonanych operacji wa\u017cenia, liczenie sztuk, a tak\u017ce zamro\u017cenie wyniku (funkcja HOLD). Sprz\u0119t jest [&hellip;]<\/p>\n","protected":false},"author":1,"featured_media":0,"parent":0,"menu_order":0,"comment_status":"closed","ping_status":"closed","template":"","meta":{"_et_pb_use_builder":"on","_et_pb_old_content":"<!-- wp:divi\/placeholder \/-->","_et_gb_content_width":"","footnotes":""},"_links":{"self":[{"href":"https:\/\/kujawskiewagi.pl\/index.php\/wp-json\/wp\/v2\/pages\/92"}],"collection":[{"href":"https:\/\/kujawskiewagi.pl\/index.php\/wp-json\/wp\/v2\/pages"}],"about":[{"href":"https:\/\/kujawskiewagi.pl\/index.php\/wp-json\/wp\/v2\/types\/page"}],"author":[{"embeddable":true,"href":"https:\/\/kujawskiewagi.pl\/index.php\/wp-json\/wp\/v2\/users\/1"}],"replies":[{"embeddable":true,"href":"https:\/\/kujawskiewagi.pl\/index.php\/wp-json\/wp\/v2\/comments?post=92"}],"version-history":[{"count":11,"href":"https:\/\/kujawskiewagi.pl\/index.php\/wp-json\/wp\/v2\/pages\/92\/revisions"}],"predecessor-version":[{"id":396,"href":"https:\/\/kujawskiewagi.pl\/index.php\/wp-json\/wp\/v2\/pages\/92\/revisions\/396"}],"wp:attachment":[{"href":"https:\/\/kujawskiewagi.pl\/index.php\/wp-json\/wp\/v2\/media?parent=92"}],"curies":[{"name":"wp","href":"https:\/\/api.w.org\/{rel}","templated":true}]}}